{"id":205,"date":"2022-08-05T18:45:46","date_gmt":"2022-08-05T16:45:46","guid":{"rendered":"https:\/\/highvibes.highvibes.hu\/sikeresen-regisztraltad-magad-a-rendezvenyre\/"},"modified":"2022-09-01T14:39:01","modified_gmt":"2022-09-01T12:39:01","slug":"erfolgreiche-anmeldung-zur-eroeffnungsfeier","status":"publish","type":"page","link":"https:\/\/highvibes.highvibes.hu\/de\/erfolgreiche-anmeldung-zur-eroeffnungsfeier\/","title":{"rendered":"Erfolgreiche Anmeldung!"},"content":{"rendered":"<p>Vielen Dank f\u00fcr Ihre Anmeldung zur Er\u00f6ffnungsfeier des Standorts Saubermacher!<\/p>\n<p>Mit der Anmeldung sind Sie in die G\u00e4steliste der Veranstaltung aufgenommen worden, ein Ausdruck der Anmeldung zur Teilnahme ist nicht erforderlich, Sie k\u00f6nnen sich durch Eingabe Ihres Namens vor Ort anmelden.<\/p>\n<p>Wenn Sie Fragen haben, k\u00f6nnen Sie uns gerne unter iroda@highvibes.hu kontaktieren.<\/p>\n<p>Wir sehen uns am 15. September!<\/p>\n<p>Mit freundlichen Gr\u00fc\u00dfen,<br \/>\nSaubermacher &#8211; Magyarorsz\u00e1g Kft.<\/p>\n","protected":false},"excerpt":{"rendered":"<p>Vielen Dank f\u00fcr Ihre Anmeldung zur Er\u00f6ffnungsfeier des Standorts Saubermacher! Mit der Anmeldung sind Sie in die G\u00e4steliste der Veranstaltung aufgenommen worden, ein Ausdruck der Anmeldung zur Teilnahme ist nicht erforderlich, Sie k\u00f6nnen sich durch Eingabe Ihres Namens vor Ort anmelden. Wenn Sie Fragen haben, k\u00f6nnen Sie uns gerne unter iroda@highvibes.hu kontaktieren. Wir sehen uns [&hellip;]<\/p>\n","protected":false},"author":1,"featured_media":0,"parent":0,"menu_order":0,"comment_status":"closed","ping_status":"closed","template":"page-templates\/koszono.php","meta":{"footnotes":""},"class_list":["post-205","page","type-page","status-publish","hentry"],"acf":[],"yoast_head":"<!-- This site is optimized with the Yoast SEO Premium plugin v19.1 (Yoast SEO v19.6.1) - https:\/\/yoast.com\/wordpress\/plugins\/seo\/ -->\n<title>Erfolgreiche Anmeldung! - HighVibes<\/title>\n<meta name=\"robots\" content=\"noindex, follow, max-snippet:-1, max-image-preview:large, max-video-preview:-1\" \/>\n<meta property=\"og:locale\" content=\"de_DE\" \/>\n<meta property=\"og:type\" content=\"article\" \/>\n<meta property=\"og:title\" content=\"Erfolgreiche Anmeldung! - HighVibes\" \/>\n<meta property=\"og:description\" content=\"Vielen Dank f\u00fcr Ihre Anmeldung zur Er\u00f6ffnungsfeier des Standorts Saubermacher! Mit der Anmeldung sind Sie in die G\u00e4steliste der Veranstaltung aufgenommen worden, ein Ausdruck der Anmeldung zur Teilnahme ist nicht erforderlich, Sie k\u00f6nnen sich durch Eingabe Ihres Namens vor Ort anmelden. Wenn Sie Fragen haben, k\u00f6nnen Sie uns gerne unter iroda@highvibes.hu kontaktieren. Wir sehen uns [&hellip;]\" \/>\n<meta property=\"og:url\" content=\"https:\/\/highvibes.highvibes.hu\/de\/erfolgreiche-anmeldung-zur-eroeffnungsfeier\/\" \/>\n<meta property=\"og:site_name\" content=\"HighVibes\" \/>\n<meta property=\"article:modified_time\" content=\"2022-09-01T12:39:01+00:00\" \/>\n<meta name=\"twitter:card\" content=\"summary_large_image\" \/>\n<meta name=\"twitter:label1\" content=\"Gesch\u00e4tzte Lesezeit\" \/>\n\t<meta name=\"twitter:data1\" content=\"1\u00a0Minute\" \/>\n<script type=\"application\/ld+json\" class=\"yoast-schema-graph\">{\"@context\":\"https:\/\/schema.org\",\"@graph\":[{\"@type\":\"WebPage\",\"@id\":\"https:\/\/highvibes.highvibes.hu\/de\/erfolgreiche-anmeldung-zur-eroeffnungsfeier\/\",\"url\":\"https:\/\/highvibes.highvibes.hu\/de\/erfolgreiche-anmeldung-zur-eroeffnungsfeier\/\",\"name\":\"Erfolgreiche Anmeldung! - HighVibes\",\"isPartOf\":{\"@id\":\"https:\/\/highvibes.highvibes.hu\/#website\"},\"datePublished\":\"2022-08-05T16:45:46+00:00\",\"dateModified\":\"2022-09-01T12:39:01+00:00\",\"breadcrumb\":{\"@id\":\"https:\/\/highvibes.highvibes.hu\/de\/erfolgreiche-anmeldung-zur-eroeffnungsfeier\/#breadcrumb\"},\"inLanguage\":\"de\",\"potentialAction\":[{\"@type\":\"ReadAction\",\"target\":[\"https:\/\/highvibes.highvibes.hu\/de\/erfolgreiche-anmeldung-zur-eroeffnungsfeier\/\"]}]},{\"@type\":\"BreadcrumbList\",\"@id\":\"https:\/\/highvibes.highvibes.hu\/de\/erfolgreiche-anmeldung-zur-eroeffnungsfeier\/#breadcrumb\",\"itemListElement\":[{\"@type\":\"ListItem\",\"position\":1,\"name\":\"Erfolgreiche Anmeldung!\"}]},{\"@type\":\"WebSite\",\"@id\":\"https:\/\/highvibes.highvibes.hu\/#website\",\"url\":\"https:\/\/highvibes.highvibes.hu\/\",\"name\":\"HighVibes\",\"description\":\"\",\"potentialAction\":[{\"@type\":\"SearchAction\",\"target\":{\"@type\":\"EntryPoint\",\"urlTemplate\":\"https:\/\/highvibes.highvibes.hu\/?s={search_term_string}\"},\"query-input\":\"required name=search_term_string\"}],\"inLanguage\":\"de\"}]}<\/script>\n<!-- \/ Yoast SEO Premium plugin. -->","yoast_head_json":{"title":"Erfolgreiche Anmeldung! - HighVibes","robots":{"index":"noindex","follow":"follow","max-snippet":"max-snippet:-1","max-image-preview":"max-image-preview:large","max-video-preview":"max-video-preview:-1"},"og_locale":"de_DE","og_type":"article","og_title":"Erfolgreiche Anmeldung! - HighVibes","og_description":"Vielen Dank f\u00fcr Ihre Anmeldung zur Er\u00f6ffnungsfeier des Standorts Saubermacher! Mit der Anmeldung sind Sie in die G\u00e4steliste der Veranstaltung aufgenommen worden, ein Ausdruck der Anmeldung zur Teilnahme ist nicht erforderlich, Sie k\u00f6nnen sich durch Eingabe Ihres Namens vor Ort anmelden. Wenn Sie Fragen haben, k\u00f6nnen Sie uns gerne unter iroda@highvibes.hu kontaktieren. Wir sehen uns [&hellip;]","og_url":"https:\/\/highvibes.highvibes.hu\/de\/erfolgreiche-anmeldung-zur-eroeffnungsfeier\/","og_site_name":"HighVibes","article_modified_time":"2022-09-01T12:39:01+00:00","twitter_card":"summary_large_image","twitter_misc":{"Gesch\u00e4tzte Lesezeit":"1\u00a0Minute"},"schema":{"@context":"https:\/\/schema.org","@graph":[{"@type":"WebPage","@id":"https:\/\/highvibes.highvibes.hu\/de\/erfolgreiche-anmeldung-zur-eroeffnungsfeier\/","url":"https:\/\/highvibes.highvibes.hu\/de\/erfolgreiche-anmeldung-zur-eroeffnungsfeier\/","name":"Erfolgreiche Anmeldung! - HighVibes","isPartOf":{"@id":"https:\/\/highvibes.highvibes.hu\/#website"},"datePublished":"2022-08-05T16:45:46+00:00","dateModified":"2022-09-01T12:39:01+00:00","breadcrumb":{"@id":"https:\/\/highvibes.highvibes.hu\/de\/erfolgreiche-anmeldung-zur-eroeffnungsfeier\/#breadcrumb"},"inLanguage":"de","potentialAction":[{"@type":"ReadAction","target":["https:\/\/highvibes.highvibes.hu\/de\/erfolgreiche-anmeldung-zur-eroeffnungsfeier\/"]}]},{"@type":"BreadcrumbList","@id":"https:\/\/highvibes.highvibes.hu\/de\/erfolgreiche-anmeldung-zur-eroeffnungsfeier\/#breadcrumb","itemListElement":[{"@type":"ListItem","position":1,"name":"Erfolgreiche Anmeldung!"}]},{"@type":"WebSite","@id":"https:\/\/highvibes.highvibes.hu\/#website","url":"https:\/\/highvibes.highvibes.hu\/","name":"HighVibes","description":"","potentialAction":[{"@type":"SearchAction","target":{"@type":"EntryPoint","urlTemplate":"https:\/\/highvibes.highvibes.hu\/?s={search_term_string}"},"query-input":"required name=search_term_string"}],"inLanguage":"de"}]}},"_links":{"self":[{"href":"https:\/\/highvibes.highvibes.hu\/de\/wp-json\/wp\/v2\/pages\/205"}],"collection":[{"href":"https:\/\/highvibes.highvibes.hu\/de\/wp-json\/wp\/v2\/pages"}],"about":[{"href":"https:\/\/highvibes.highvibes.hu\/de\/wp-json\/wp\/v2\/types\/page"}],"author":[{"embeddable":true,"href":"https:\/\/highvibes.highvibes.hu\/de\/wp-json\/wp\/v2\/users\/1"}],"replies":[{"embeddable":true,"href":"https:\/\/highvibes.highvibes.hu\/de\/wp-json\/wp\/v2\/comments?post=205"}],"version-history":[{"count":6,"href":"https:\/\/highvibes.highvibes.hu\/de\/wp-json\/wp\/v2\/pages\/205\/revisions"}],"predecessor-version":[{"id":229,"href":"https:\/\/highvibes.highvibes.hu\/de\/wp-json\/wp\/v2\/pages\/205\/revisions\/229"}],"wp:attachment":[{"href":"https:\/\/highvibes.highvibes.hu\/de\/wp-json\/wp\/v2\/media?parent=205"}],"curies":[{"name":"wp","href":"https:\/\/api.w.org\/{rel}","templated":true}]}}